{"id":54,"date":"2025-06-13T10:11:04","date_gmt":"2025-06-13T08:11:04","guid":{"rendered":"http:\/\/ussm-loosengohelle.fr\/?page_id=54"},"modified":"2025-09-26T19:49:31","modified_gmt":"2025-09-26T17:49:31","slug":"rejoindre-le-club","status":"publish","type":"page","link":"https:\/\/ussm-loosengohelle.fr\/?page_id=54","title":{"rendered":"Rejoindre le club"},"content":{"rendered":"\n<p>La saison est d\u00e9j\u00e0 bien lanc\u00e9e et nous avons eu le plaisir d\u2019accueillir de tr\u00e8s nombreux licenci\u00e9s.<\/p>\n\n\n\n<hr class=\"wp-block-separator has-alpha-channel-opacity\"\/>\n\n\n\n<p><strong>Inscriptions joueurs<\/strong><\/p>\n\n\n\n<p>Les inscriptions pour cette saison sont d\u00e9sormais <strong>ferm\u00e9es<\/strong> dans la plupart des cat\u00e9gories.<\/p>\n\n\n\n<p>Nous recrutons encore pour :<\/p>\n\n\n\n<ul class=\"wp-block-list\">\n<li>Les <strong>S\u00e9niors F\u00e9minines \u00e0 8<\/strong> <\/li>\n\n\n\n<li>Les <strong>U6 \u00e0 U10 F\u00e9minines<\/strong><\/li>\n<\/ul>\n\n\n\n<figure class=\"wp-block-image size-large\"><img fetchpriority=\"high\" decoding=\"async\" width=\"1024\" height=\"683\" src=\"http:\/\/ussm-loosengohelle.fr\/wp-content\/uploads\/2025\/09\/image-30-1024x683.png\" alt=\"\" class=\"wp-image-248\" srcset=\"https:\/\/ussm-loosengohelle.fr\/wp-content\/uploads\/2025\/09\/image-30-1024x683.png 1024w, https:\/\/ussm-loosengohelle.fr\/wp-content\/uploads\/2025\/09\/image-30-300x200.png 300w, https:\/\/ussm-loosengohelle.fr\/wp-content\/uploads\/2025\/09\/image-30-768x512.png 768w, https:\/\/ussm-loosengohelle.fr\/wp-content\/uploads\/2025\/09\/image-30-1536x1024.png 1536w, https:\/\/ussm-loosengohelle.fr\/wp-content\/uploads\/2025\/09\/image-30-128x85.png 128w, https:\/\/ussm-loosengohelle.fr\/wp-content\/uploads\/2025\/09\/image-30-32x21.png 32w, https:\/\/ussm-loosengohelle.fr\/wp-content\/uploads\/2025\/09\/image-30.png 2048w\" sizes=\"(max-width: 1024px) 100vw, 1024px\" \/><\/figure>\n\n\n\n<p class=\"has-white-color has-text-color has-link-color wp-elements-c645e628e62f8fbab9d9726851472d16\"><\/p>\n\n\n\n<hr class=\"wp-block-separator has-alpha-channel-opacity\"\/>\n\n\n\n<p><strong>Devenir b\u00e9n\u00e9vole<\/strong><\/p>\n\n\n\n<p><br>Le club vit aussi gr\u00e2ce \u00e0 l\u2019engagement de ses <strong>b\u00e9n\u00e9voles<\/strong>. Nous sommes toujours \u00e0 la recherche de personnes motiv\u00e9es pour :<\/p>\n\n\n\n<ul class=\"wp-block-list\">\n<li>encadrer et accompagner les \u00e9quipes,<\/li>\n\n\n\n<li>aider lors des matchs et \u00e9v\u00e9nements,<\/li>\n\n\n\n<li>participer \u00e0 la vie quotidienne du club.<\/li>\n<\/ul>\n\n\n\n<p>Si vous souhaitez rejoindre l\u2019aventure <strong>USSM<\/strong> en tant que b\u00e9n\u00e9vole, \u00e9ducateur ou accompagnateur, <strong>contactez-nous d\u00e8s maintenant<\/strong> via la rubrique <strong>contact<\/strong> de notre site. Ensemble, faisons vivre la passion du football \u00e0 Loos-en-Gohelle !<\/p>\n\n\n\n<p><\/p>\n\n\n\n<figure class=\"wp-block-image size-large\"><img decoding=\"async\" width=\"1024\" height=\"683\" src=\"http:\/\/ussm-loosengohelle.fr\/wp-content\/uploads\/2025\/09\/image-31-1024x683.png\" alt=\"\" class=\"wp-image-250\" srcset=\"https:\/\/ussm-loosengohelle.fr\/wp-content\/uploads\/2025\/09\/image-31-1024x683.png 1024w, https:\/\/ussm-loosengohelle.fr\/wp-content\/uploads\/2025\/09\/image-31-300x200.png 300w, https:\/\/ussm-loosengohelle.fr\/wp-content\/uploads\/2025\/09\/image-31-768x512.png 768w, https:\/\/ussm-loosengohelle.fr\/wp-content\/uploads\/2025\/09\/image-31-128x85.png 128w, https:\/\/ussm-loosengohelle.fr\/wp-content\/uploads\/2025\/09\/image-31-32x21.png 32w, https:\/\/ussm-loosengohelle.fr\/wp-content\/uploads\/2025\/09\/image-31.png 1500w\" sizes=\"(max-width: 1024px) 100vw, 1024px\" \/><\/figure>\n","protected":false},"excerpt":{"rendered":"<p>La saison est d\u00e9j\u00e0 bien lanc\u00e9e et nous avons eu le plaisir d\u2019accueillir de tr\u00e8s nombreux licenci\u00e9s. Inscriptions joueurs Les inscriptions pour cette saison sont d\u00e9sormais ferm\u00e9es dans la plupart des cat\u00e9gories. Nous recrutons encore pour : Devenir b\u00e9n\u00e9vole Le club vit aussi gr\u00e2ce \u00e0 l\u2019engagement de ses b\u00e9n\u00e9voles. Nous sommes toujours \u00e0 la recherche [&hellip;]<\/p>\n","protected":false},"author":1,"featured_media":0,"parent":0,"menu_order":0,"comment_status":"closed","ping_status":"closed","template":"","meta":{"footnotes":""},"class_list":["post-54","page","type-page","status-publish","hentry"],"jetpack_sharing_enabled":true,"_links":{"self":[{"href":"https:\/\/ussm-loosengohelle.fr\/index.php?rest_route=\/wp\/v2\/pages\/54","targetHints":{"allow":["GET"]}}],"collection":[{"href":"https:\/\/ussm-loosengohelle.fr\/index.php?rest_route=\/wp\/v2\/pages"}],"about":[{"href":"https:\/\/ussm-loosengohelle.fr\/index.php?rest_route=\/wp\/v2\/types\/page"}],"author":[{"embeddable":true,"href":"https:\/\/ussm-loosengohelle.fr\/index.php?rest_route=\/wp\/v2\/users\/1"}],"replies":[{"embeddable":true,"href":"https:\/\/ussm-loosengohelle.fr\/index.php?rest_route=%2Fwp%2Fv2%2Fcomments&post=54"}],"version-history":[{"count":14,"href":"https:\/\/ussm-loosengohelle.fr\/index.php?rest_route=\/wp\/v2\/pages\/54\/revisions"}],"predecessor-version":[{"id":431,"href":"https:\/\/ussm-loosengohelle.fr\/index.php?rest_route=\/wp\/v2\/pages\/54\/revisions\/431"}],"wp:attachment":[{"href":"https:\/\/ussm-loosengohelle.fr\/index.php?rest_route=%2Fwp%2Fv2%2Fmedia&parent=54"}],"curies":[{"name":"wp","href":"https:\/\/api.w.org\/{rel}","templated":true}]}}