{"id":48,"date":"2025-06-13T10:10:03","date_gmt":"2025-06-13T08:10:03","guid":{"rendered":"http:\/\/ussm-loosengohelle.fr\/?page_id=48"},"modified":"2025-09-27T08:25:42","modified_gmt":"2025-09-27T06:25:42","slug":"la-vie-du-club","status":"publish","type":"page","link":"https:\/\/ussm-loosengohelle.fr\/?page_id=48","title":{"rendered":"La vie du club"},"content":{"rendered":"\n<p class=\"has-large-font-size\"><mark style=\"background-color:rgba(0, 0, 0, 0)\" class=\"has-inline-color has-black-color\"><strong>Pr\u00e9sentation du bureau et des b\u00e9n\u00e9voles<\/strong><\/mark><\/p>\n\n\n\n<p class=\"has-medium-font-size\">L\u2019USSM s\u2019appuie sur une \u00e9quipe dirigeante et technique investie tout au long de la saison.<br>Retrouvez ci-dessous :<\/p>\n\n\n\n<p class=\"has-medium-font-size\"><strong>L\u2019organigramme du bureau<\/strong>, qui regroupe les membres \u00e9lus charg\u00e9s de la gestion et de la vie associative du club.<\/p>\n\n\n\n<p class=\"has-medium-font-size\"><strong>L\u2019organigramme technique<\/strong>, qui pr\u00e9sente l\u2019ensemble des encadrants sportifs et responsables de nos diff\u00e9rentes cat\u00e9gories.<\/p>\n\n\n\n<p><\/p>\n\n\n\n<figure class=\"wp-block-image size-full\"><img fetchpriority=\"high\" decoding=\"async\" width=\"875\" height=\"770\" src=\"http:\/\/ussm-loosengohelle.fr\/wp-content\/uploads\/2025\/09\/image-17.png\" alt=\"\" class=\"wp-image-175\" srcset=\"https:\/\/ussm-loosengohelle.fr\/wp-content\/uploads\/2025\/09\/image-17.png 875w, https:\/\/ussm-loosengohelle.fr\/wp-content\/uploads\/2025\/09\/image-17-300x264.png 300w, https:\/\/ussm-loosengohelle.fr\/wp-content\/uploads\/2025\/09\/image-17-768x676.png 768w, https:\/\/ussm-loosengohelle.fr\/wp-content\/uploads\/2025\/09\/image-17-128x113.png 128w, https:\/\/ussm-loosengohelle.fr\/wp-content\/uploads\/2025\/09\/image-17-32x28.png 32w\" sizes=\"(max-width: 875px) 100vw, 875px\" \/><\/figure>\n\n\n\n<p class=\"has-white-color has-text-color has-link-color wp-elements-672145c362de879b23a8841deb3172ac\">g<\/p>\n\n\n\n<div data-wp-interactive=\"core\/file\" class=\"wp-block-file\"><object data-wp-bind--hidden=\"!state.hasPdfPreview\" hidden class=\"wp-block-file__embed\" data=\"https:\/\/ussm-loosengohelle.fr\/wp-content\/uploads\/2025\/09\/Organigramme-Technique-USSM-LOOS-EN-GOHELLE-2025-2026-NEW.pdf\" type=\"application\/pdf\" style=\"width:100%;height:600px\" aria-label=\"Contenu embarqu\u00e9 Organigramme Technique USSM LOOS EN GOHELLE 2025-2026 NEW.\"><\/object><a id=\"wp-block-file--media-1a9f594e-94bf-48a6-8ffc-885d18204db7\" href=\"https:\/\/ussm-loosengohelle.fr\/wp-content\/uploads\/2025\/09\/Organigramme-Technique-USSM-LOOS-EN-GOHELLE-2025-2026-NEW.pdf\">Organigramme Technique USSM LOOS EN GOHELLE 2025-2026 NEW<\/a><a href=\"https:\/\/ussm-loosengohelle.fr\/wp-content\/uploads\/2025\/09\/Organigramme-Technique-USSM-LOOS-EN-GOHELLE-2025-2026-NEW.pdf\" class=\"wp-block-file__button wp-element-button\" download aria-describedby=\"wp-block-file--media-1a9f594e-94bf-48a6-8ffc-885d18204db7\">T\u00e9l\u00e9charger<\/a><\/div>\n\n\n\n<p class=\"has-white-color has-text-color has-link-color wp-elements-672145c362de879b23a8841deb3172ac\">g<\/p>\n\n\n\n<hr class=\"wp-block-separator has-alpha-channel-opacity\"\/>\n\n\n\n<p><\/p>\n\n\n\n<p><\/p>\n\n\n\n<p class=\"has-large-font-size\"><mark style=\"background-color:rgba(0, 0, 0, 0)\" class=\"has-inline-color has-black-color\"><strong>Planning des entra\u00eenements et matchs par cat\u00e9gorie<\/strong><\/mark><\/p>\n\n\n\n<p>Pour que chacun puisse s\u2019organiser facilement, retrouvez ici le <strong>planning complet des entra\u00eenements<\/strong> de toutes les cat\u00e9gories de l\u2019USSM Loos-en-Gohelle : <\/p>\n\n\n\n<div data-wp-interactive=\"core\/file\" class=\"wp-block-file\"><object data-wp-bind--hidden=\"!state.hasPdfPreview\" hidden class=\"wp-block-file__embed\" data=\"https:\/\/ussm-loosengohelle.fr\/wp-content\/uploads\/2025\/09\/Planning-entrainements-2025-2026-NEW-USSM-LOOS-EN-GOHELLE-1-1.pdf\" type=\"application\/pdf\" style=\"width:100%;height:600px\" aria-label=\"Contenu embarqu\u00e9 Planning entrainements 2025-2026 NEW USSM LOOS EN GOHELLE (1).\"><\/object><a id=\"wp-block-file--media-be1db747-abf9-4603-9d08-6d4b2ec077b8\" href=\"https:\/\/ussm-loosengohelle.fr\/wp-content\/uploads\/2025\/09\/Planning-entrainements-2025-2026-NEW-USSM-LOOS-EN-GOHELLE-1-1.pdf\">Planning entrainements 2025-2026 NEW USSM LOOS EN GOHELLE (1)<\/a><a href=\"https:\/\/ussm-loosengohelle.fr\/wp-content\/uploads\/2025\/09\/Planning-entrainements-2025-2026-NEW-USSM-LOOS-EN-GOHELLE-1-1.pdf\" class=\"wp-block-file__button wp-element-button\" download aria-describedby=\"wp-block-file--media-be1db747-abf9-4603-9d08-6d4b2ec077b8\">T\u00e9l\u00e9charger<\/a><\/div>\n\n\n\n<p class=\"has-white-color has-text-color has-link-color wp-elements-9119cf33e5f3cb2669374d0bd525be7f\">nsi que les matchs \u00e0 venir selon le calendrier du District.<\/p>\n\n\n\n<p>Du foot pour les plus petits aux seniors, en passant par nos f\u00e9minines, chacun a son espace et son moment sur les terrains de Loos-en-Gohelle.<\/p>\n\n\n\n<p class=\"has-white-color has-text-color has-link-color wp-elements-672145c362de879b23a8841deb3172ac\">g<\/p>\n\n\n\n<hr class=\"wp-block-separator has-alpha-channel-opacity\"\/>\n\n\n\n<p class=\"has-large-font-size\"><strong>Arbitres<\/strong><\/p>\n\n\n\n<p>\u00c0 l\u2019USSM Loos-en-Gohelle, nous ne formons pas seulement des joueurs et des \u00e9ducateurs : nous accompagnons aussi des <strong>arbitres<\/strong>, acteurs indispensables du football. <\/p>\n\n\n\n<p>Nos arbitres repr\u00e9sentent fi\u00e8rement le club chaque week-end sur les terrains. Leur engagement garantit le respect, le fair-play et la passion qui font vivre notre sport.<\/p>\n\n\n\n<p>En devenant arbitre, c\u2019est une autre fa\u00e7on de porter haut les couleurs rouges et blanches de l\u2019USSM !<br>Le club les soutient tout au long de leur parcours, que ce soit en formation ou en accompagnement.<\/p>\n\n\n\n<p><strong>Merci \u00e0 eux pour leur investissement et leur r\u00f4le essentiel dans la vie du football. <\/strong><\/p>\n\n\n\n<p class=\"has-white-color has-text-color has-link-color wp-elements-672145c362de879b23a8841deb3172ac\">g<\/p>\n\n\n\n<p><strong>Nos arbitres : <\/strong><\/p>\n\n\n\n<p>Ren\u00e9 HUREZ<\/p>\n\n\n\n<p>Alexis TISSIER<\/p>\n\n\n\n<p>Esteban LOURENCO<\/p>\n\n\n\n<p>Ugo VAN DEN BERGHE<\/p>\n\n\n\n<p>Lilian HOBER<\/p>\n\n\n\n<p>Ethan DEVISMES<\/p>\n\n\n\n<p class=\"has-white-color has-text-color has-link-color wp-elements-672145c362de879b23a8841deb3172ac\">g<\/p>\n\n\n\n<p><\/p>\n\n\n\n<hr class=\"wp-block-separator has-alpha-channel-opacity\"\/>\n\n\n\n<p class=\"has-large-font-size\"><strong>\u00c9v\u00e9nements et convivialit\u00e9<\/strong><\/p>\n\n\n\n<p>\ud83d\udc49 Retrouvez ici tous nos futurs \u00e9v\u00e9nements et moments de convivialit\u00e9 qui rythment la vie de l\u2019USSM Loos-en-Gohelle.<\/p>\n\n\n\n<p class=\"has-white-color has-text-color has-link-color wp-elements-672145c362de879b23a8841deb3172ac\">g<\/p>\n\n\n\n<figure class=\"wp-block-image size-large is-resized\"><img decoding=\"async\" width=\"722\" height=\"1024\" src=\"http:\/\/ussm-loosengohelle.fr\/wp-content\/uploads\/2025\/09\/image-18-722x1024.png\" alt=\"\" class=\"wp-image-177\" style=\"width:840px;height:auto\" srcset=\"https:\/\/ussm-loosengohelle.fr\/wp-content\/uploads\/2025\/09\/image-18-722x1024.png 722w, https:\/\/ussm-loosengohelle.fr\/wp-content\/uploads\/2025\/09\/image-18-212x300.png 212w, https:\/\/ussm-loosengohelle.fr\/wp-content\/uploads\/2025\/09\/image-18-768x1089.png 768w, https:\/\/ussm-loosengohelle.fr\/wp-content\/uploads\/2025\/09\/image-18-1083x1536.png 1083w, https:\/\/ussm-loosengohelle.fr\/wp-content\/uploads\/2025\/09\/image-18-90x128.png 90w, https:\/\/ussm-loosengohelle.fr\/wp-content\/uploads\/2025\/09\/image-18-23x32.png 23w, https:\/\/ussm-loosengohelle.fr\/wp-content\/uploads\/2025\/09\/image-18.png 1369w\" sizes=\"(max-width: 722px) 100vw, 722px\" \/><\/figure>\n\n\n\n<p><\/p>\n\n\n\n<p><\/p>\n\n\n\n<figure class=\"wp-block-image size-full is-resized\"><img decoding=\"async\" width=\"540\" height=\"765\" src=\"http:\/\/ussm-loosengohelle.fr\/wp-content\/uploads\/2025\/09\/image-20.png\" alt=\"\" class=\"wp-image-181\" style=\"width:840px;height:auto\" srcset=\"https:\/\/ussm-loosengohelle.fr\/wp-content\/uploads\/2025\/09\/image-20.png 540w, https:\/\/ussm-loosengohelle.fr\/wp-content\/uploads\/2025\/09\/image-20-212x300.png 212w, https:\/\/ussm-loosengohelle.fr\/wp-content\/uploads\/2025\/09\/image-20-90x128.png 90w, https:\/\/ussm-loosengohelle.fr\/wp-content\/uploads\/2025\/09\/image-20-23x32.png 23w\" sizes=\"(max-width: 540px) 100vw, 540px\" \/><\/figure>\n\n\n\n<p><\/p>\n","protected":false},"excerpt":{"rendered":"<p>Pr\u00e9sentation du bureau et des b\u00e9n\u00e9voles L\u2019USSM s\u2019appuie sur une \u00e9quipe dirigeante et technique investie tout au long de la saison.Retrouvez ci-dessous : L\u2019organigramme du bureau, qui regroupe les membres \u00e9lus charg\u00e9s de la gestion et de la vie associative du club. L\u2019organigramme technique, qui pr\u00e9sente l\u2019ensemble des encadrants sportifs et responsables de nos diff\u00e9rentes [&hellip;]<\/p>\n","protected":false},"author":1,"featured_media":0,"parent":0,"menu_order":0,"comment_status":"closed","ping_status":"closed","template":"","meta":{"footnotes":""},"class_list":["post-48","page","type-page","status-publish","hentry"],"jetpack_sharing_enabled":true,"_links":{"self":[{"href":"https:\/\/ussm-loosengohelle.fr\/index.php?rest_route=\/wp\/v2\/pages\/48","targetHints":{"allow":["GET"]}}],"collection":[{"href":"https:\/\/ussm-loosengohelle.fr\/index.php?rest_route=\/wp\/v2\/pages"}],"about":[{"href":"https:\/\/ussm-loosengohelle.fr\/index.php?rest_route=\/wp\/v2\/types\/page"}],"author":[{"embeddable":true,"href":"https:\/\/ussm-loosengohelle.fr\/index.php?rest_route=\/wp\/v2\/users\/1"}],"replies":[{"embeddable":true,"href":"https:\/\/ussm-loosengohelle.fr\/index.php?rest_route=%2Fwp%2Fv2%2Fcomments&post=48"}],"version-history":[{"count":31,"href":"https:\/\/ussm-loosengohelle.fr\/index.php?rest_route=\/wp\/v2\/pages\/48\/revisions"}],"predecessor-version":[{"id":444,"href":"https:\/\/ussm-loosengohelle.fr\/index.php?rest_route=\/wp\/v2\/pages\/48\/revisions\/444"}],"wp:attachment":[{"href":"https:\/\/ussm-loosengohelle.fr\/index.php?rest_route=%2Fwp%2Fv2%2Fmedia&parent=48"}],"curies":[{"name":"wp","href":"https:\/\/api.w.org\/{rel}","templated":true}]}}