{"id":15,"date":"2025-06-05T16:08:48","date_gmt":"2025-06-05T14:08:48","guid":{"rendered":"http:\/\/ussm-loosengohelle.fr\/?page_id=15"},"modified":"2025-09-28T20:29:03","modified_gmt":"2025-09-28T18:29:03","slug":"les-equipes","status":"publish","type":"page","link":"https:\/\/ussm-loosengohelle.fr\/?page_id=15","title":{"rendered":"Les \u00e9quipes"},"content":{"rendered":"\n<p>\u26bd Les \u00e9quipes de l\u2019USSM Loos-en-Gohelle \u2013 Saison 2025\/2026<\/p>\n\n\n\n<p>L\u2019<strong>USSM Loos-en-Gohelle<\/strong> compte aujourd\u2019hui plus de <strong>350 licenci\u00e9s<\/strong> et aligne des \u00e9quipes dans quasiment toutes les cat\u00e9gories, des plus jeunes aux s\u00e9niors. Cette richesse t\u00e9moigne du dynamisme du club et de son r\u00f4le formateur au service du football local.<\/p>\n\n\n\n<p><\/p>\n\n\n\n<p class=\"has-large-font-size\"><strong>Foot \u00e0 5 (U6 \u00e0 U9 + f\u00e9minines)<\/strong><\/p>\n\n\n\n<hr class=\"wp-block-separator has-alpha-channel-opacity\"\/>\n\n\n\n<p><strong>U6<\/strong> \u2013 encadr\u00e9s par Mathis<\/p>\n\n\n\n<hr class=\"wp-block-separator has-alpha-channel-opacity\"\/>\n\n\n\n<p><strong>U7<\/strong> \u2013 encadr\u00e9s par Djason <\/p>\n\n\n\n<hr class=\"wp-block-separator has-alpha-channel-opacity\"\/>\n\n\n\n<p><strong>U6F \u2013 U10F<\/strong> \u2013 encadr\u00e9es par Chlo\u00e9, Mathis et Ad\u00e9lie<\/p>\n\n\n\n<figure class=\"wp-block-image size-large\"><img fetchpriority=\"high\" decoding=\"async\" width=\"1024\" height=\"758\" src=\"http:\/\/ussm-loosengohelle.fr\/wp-content\/uploads\/2025\/09\/image-7-1024x758.png\" alt=\"\" class=\"wp-image-154\" srcset=\"https:\/\/ussm-loosengohelle.fr\/wp-content\/uploads\/2025\/09\/image-7-1024x758.png 1024w, https:\/\/ussm-loosengohelle.fr\/wp-content\/uploads\/2025\/09\/image-7-300x222.png 300w, https:\/\/ussm-loosengohelle.fr\/wp-content\/uploads\/2025\/09\/image-7-768x568.png 768w, https:\/\/ussm-loosengohelle.fr\/wp-content\/uploads\/2025\/09\/image-7-128x95.png 128w, https:\/\/ussm-loosengohelle.fr\/wp-content\/uploads\/2025\/09\/image-7-32x24.png 32w, https:\/\/ussm-loosengohelle.fr\/wp-content\/uploads\/2025\/09\/image-7.png 1170w\" sizes=\"(max-width: 1024px) 100vw, 1024px\" \/><\/figure>\n\n\n\n<hr class=\"wp-block-separator has-alpha-channel-opacity\"\/>\n\n\n\n<p><strong>U8<\/strong> \u2013 encadr\u00e9s par Rudy, Julien, Guy, Ludovic, Antoine et J\u00e9r\u00e9my<\/p>\n\n\n\n<figure class=\"wp-block-image size-large\"><img decoding=\"async\" width=\"1024\" height=\"482\" src=\"http:\/\/ussm-loosengohelle.fr\/wp-content\/uploads\/2025\/09\/image-6-1024x482.png\" alt=\"\" class=\"wp-image-153\" srcset=\"https:\/\/ussm-loosengohelle.fr\/wp-content\/uploads\/2025\/09\/image-6-1024x482.png 1024w, https:\/\/ussm-loosengohelle.fr\/wp-content\/uploads\/2025\/09\/image-6-300x141.png 300w, https:\/\/ussm-loosengohelle.fr\/wp-content\/uploads\/2025\/09\/image-6-768x361.png 768w, https:\/\/ussm-loosengohelle.fr\/wp-content\/uploads\/2025\/09\/image-6-1536x722.png 1536w, https:\/\/ussm-loosengohelle.fr\/wp-content\/uploads\/2025\/09\/image-6-128x60.png 128w, https:\/\/ussm-loosengohelle.fr\/wp-content\/uploads\/2025\/09\/image-6-32x15.png 32w, https:\/\/ussm-loosengohelle.fr\/wp-content\/uploads\/2025\/09\/image-6.png 2048w\" sizes=\"(max-width: 1024px) 100vw, 1024px\" \/><\/figure>\n\n\n\n<hr class=\"wp-block-separator has-alpha-channel-opacity\"\/>\n\n\n\n<p><strong>U9<\/strong> \u2013 encadr\u00e9s par Anthony, J\u00e9r\u00f4me, Jason, Guillaume et Mohamed<\/p>\n\n\n\n<figure class=\"wp-block-image size-large\"><img decoding=\"async\" width=\"1024\" height=\"768\" src=\"http:\/\/ussm-loosengohelle.fr\/wp-content\/uploads\/2025\/09\/image-5-1024x768.png\" alt=\"\" class=\"wp-image-152\" srcset=\"https:\/\/ussm-loosengohelle.fr\/wp-content\/uploads\/2025\/09\/image-5-1024x768.png 1024w, https:\/\/ussm-loosengohelle.fr\/wp-content\/uploads\/2025\/09\/image-5-300x225.png 300w, https:\/\/ussm-loosengohelle.fr\/wp-content\/uploads\/2025\/09\/image-5-768x576.png 768w, https:\/\/ussm-loosengohelle.fr\/wp-content\/uploads\/2025\/09\/image-5-1536x1152.png 1536w, https:\/\/ussm-loosengohelle.fr\/wp-content\/uploads\/2025\/09\/image-5-128x96.png 128w, https:\/\/ussm-loosengohelle.fr\/wp-content\/uploads\/2025\/09\/image-5-32x24.png 32w, https:\/\/ussm-loosengohelle.fr\/wp-content\/uploads\/2025\/09\/image-5.png 1600w\" sizes=\"(max-width: 1024px) 100vw, 1024px\" \/><\/figure>\n\n\n\n<p class=\"has-white-color has-text-color has-link-color wp-elements-c645e628e62f8fbab9d9726851472d16\"><\/p>\n\n\n\n<hr class=\"wp-block-separator has-alpha-channel-opacity\"\/>\n\n\n\n<p class=\"has-large-font-size\"><strong>Foot \u00e0 8 (U10 \u00e0 U13)<\/strong><\/p>\n\n\n\n<hr class=\"wp-block-separator has-alpha-channel-opacity\"\/>\n\n\n\n<p><strong>U10<\/strong> \u2013 encadr\u00e9s par Renaud. Dirigeants : Beno\u00eet, Dimitri et Thierry<\/p>\n\n\n\n<figure class=\"wp-block-image size-large\"><img loading=\"lazy\" decoding=\"async\" width=\"1024\" height=\"768\" src=\"http:\/\/ussm-loosengohelle.fr\/wp-content\/uploads\/2025\/09\/image-9-1024x768.png\" alt=\"\" class=\"wp-image-156\" srcset=\"https:\/\/ussm-loosengohelle.fr\/wp-content\/uploads\/2025\/09\/image-9-1024x768.png 1024w, https:\/\/ussm-loosengohelle.fr\/wp-content\/uploads\/2025\/09\/image-9-300x225.png 300w, https:\/\/ussm-loosengohelle.fr\/wp-content\/uploads\/2025\/09\/image-9-768x576.png 768w, https:\/\/ussm-loosengohelle.fr\/wp-content\/uploads\/2025\/09\/image-9-1536x1152.png 1536w, https:\/\/ussm-loosengohelle.fr\/wp-content\/uploads\/2025\/09\/image-9-128x96.png 128w, https:\/\/ussm-loosengohelle.fr\/wp-content\/uploads\/2025\/09\/image-9-32x24.png 32w, https:\/\/ussm-loosengohelle.fr\/wp-content\/uploads\/2025\/09\/image-9.png 2048w\" sizes=\"(max-width: 1024px) 100vw, 1024px\" \/><\/figure>\n\n\n\n<hr class=\"wp-block-separator has-alpha-channel-opacity\"\/>\n\n\n\n<p><\/p>\n\n\n\n<p><strong>U11<\/strong> \u2013 encadr\u00e9s par Th\u00e9o V et Nordine. Dirigeants : Gregory et Guillaume<\/p>\n\n\n\n<figure class=\"wp-block-image size-full\"><img loading=\"lazy\" decoding=\"async\" width=\"698\" height=\"396\" src=\"http:\/\/ussm-loosengohelle.fr\/wp-content\/uploads\/2025\/09\/image-11.png\" alt=\"\" class=\"wp-image-158\" srcset=\"https:\/\/ussm-loosengohelle.fr\/wp-content\/uploads\/2025\/09\/image-11.png 698w, https:\/\/ussm-loosengohelle.fr\/wp-content\/uploads\/2025\/09\/image-11-300x170.png 300w, https:\/\/ussm-loosengohelle.fr\/wp-content\/uploads\/2025\/09\/image-11-128x73.png 128w, https:\/\/ussm-loosengohelle.fr\/wp-content\/uploads\/2025\/09\/image-11-32x18.png 32w\" sizes=\"(max-width: 698px) 100vw, 698px\" \/><\/figure>\n\n\n\n<hr class=\"wp-block-separator has-alpha-channel-opacity\"\/>\n\n\n\n<p><\/p>\n\n\n\n<p><strong>U12<\/strong> \u2013 encadr\u00e9s par Timoth\u00e9 et Th\u00e9o S<\/p>\n\n\n\n<figure class=\"wp-block-image size-large\"><img loading=\"lazy\" decoding=\"async\" width=\"1024\" height=\"768\" src=\"http:\/\/ussm-loosengohelle.fr\/wp-content\/uploads\/2025\/09\/image-13-1024x768.png\" alt=\"\" class=\"wp-image-160\" srcset=\"https:\/\/ussm-loosengohelle.fr\/wp-content\/uploads\/2025\/09\/image-13-1024x768.png 1024w, https:\/\/ussm-loosengohelle.fr\/wp-content\/uploads\/2025\/09\/image-13-300x225.png 300w, https:\/\/ussm-loosengohelle.fr\/wp-content\/uploads\/2025\/09\/image-13-768x576.png 768w, https:\/\/ussm-loosengohelle.fr\/wp-content\/uploads\/2025\/09\/image-13-1536x1152.png 1536w, https:\/\/ussm-loosengohelle.fr\/wp-content\/uploads\/2025\/09\/image-13-128x96.png 128w, https:\/\/ussm-loosengohelle.fr\/wp-content\/uploads\/2025\/09\/image-13-32x24.png 32w, https:\/\/ussm-loosengohelle.fr\/wp-content\/uploads\/2025\/09\/image-13.png 1600w\" sizes=\"(max-width: 1024px) 100vw, 1024px\" \/><\/figure>\n\n\n\n<hr class=\"wp-block-separator has-alpha-channel-opacity\"\/>\n\n\n\n<p><strong>U13<\/strong> \u2013 encadr\u00e9s par Micka\u00ebl. Dirigeants : Cathelie et David<\/p>\n\n\n\n<figure class=\"wp-block-image size-large is-resized\"><img loading=\"lazy\" decoding=\"async\" width=\"1024\" height=\"768\" src=\"https:\/\/ussm-loosengohelle.fr\/wp-content\/uploads\/2025\/09\/image-33-1024x768.png\" alt=\"\" class=\"wp-image-362\" style=\"width:781px;height:auto\" srcset=\"https:\/\/ussm-loosengohelle.fr\/wp-content\/uploads\/2025\/09\/image-33-1024x768.png 1024w, https:\/\/ussm-loosengohelle.fr\/wp-content\/uploads\/2025\/09\/image-33-300x225.png 300w, https:\/\/ussm-loosengohelle.fr\/wp-content\/uploads\/2025\/09\/image-33-768x576.png 768w, https:\/\/ussm-loosengohelle.fr\/wp-content\/uploads\/2025\/09\/image-33-1536x1152.png 1536w, https:\/\/ussm-loosengohelle.fr\/wp-content\/uploads\/2025\/09\/image-33-128x96.png 128w, https:\/\/ussm-loosengohelle.fr\/wp-content\/uploads\/2025\/09\/image-33-32x24.png 32w, https:\/\/ussm-loosengohelle.fr\/wp-content\/uploads\/2025\/09\/image-33.png 1600w\" sizes=\"(max-width: 1024px) 100vw, 1024px\" \/><\/figure>\n\n\n\n<hr class=\"wp-block-separator has-alpha-channel-opacity\"\/>\n\n\n\n<p><strong>U14\/U15<\/strong> \u2013 encadr\u00e9s par Djason et Antoine Comble<\/p>\n\n\n\n<hr class=\"wp-block-separator has-alpha-channel-opacity\"\/>\n\n\n\n<p class=\"has-white-color has-text-color has-link-color wp-elements-c645e628e62f8fbab9d9726851472d16\"><\/p>\n\n\n\n<p class=\"has-white-color has-text-color has-link-color wp-elements-672145c362de879b23a8841deb3172ac\">g<\/p>\n\n\n\n<p class=\"has-large-font-size\"><strong>Foot \u00e0 11 (\u00e0 partir de U14 + s\u00e9niors + f\u00e9minines)<\/strong><\/p>\n\n\n\n<hr class=\"wp-block-separator has-alpha-channel-opacity\"\/>\n\n\n\n<p><strong>U14\/U15<\/strong> \u2013 encadr\u00e9s par Christophe. Dirigeants : Steven, Fran\u00e7ois, Tony<\/p>\n\n\n\n<hr class=\"wp-block-separator has-alpha-channel-opacity\"\/>\n\n\n\n<p><strong>U16<\/strong> \u2013 encadr\u00e9s par G\u00e9rald et St\u00e9phane. Dirigeants : L\u00e9o, Cindy et Emilie<\/p>\n\n\n\n<figure class=\"wp-block-image size-full\"><img loading=\"lazy\" decoding=\"async\" width=\"799\" height=\"599\" src=\"http:\/\/ussm-loosengohelle.fr\/wp-content\/uploads\/2025\/09\/image-15.png\" alt=\"\" class=\"wp-image-170\" srcset=\"https:\/\/ussm-loosengohelle.fr\/wp-content\/uploads\/2025\/09\/image-15.png 799w, https:\/\/ussm-loosengohelle.fr\/wp-content\/uploads\/2025\/09\/image-15-300x225.png 300w, https:\/\/ussm-loosengohelle.fr\/wp-content\/uploads\/2025\/09\/image-15-768x576.png 768w, https:\/\/ussm-loosengohelle.fr\/wp-content\/uploads\/2025\/09\/image-15-128x96.png 128w, https:\/\/ussm-loosengohelle.fr\/wp-content\/uploads\/2025\/09\/image-15-32x24.png 32w\" sizes=\"(max-width: 799px) 100vw, 799px\" \/><\/figure>\n\n\n\n<hr class=\"wp-block-separator has-alpha-channel-opacity\"\/>\n\n\n\n<p><strong>S\u00e9niors A<\/strong> \u2013 encadr\u00e9s par Reza. Dirigeants : Karim, Thomas et Baptiste<\/p>\n\n\n\n<figure class=\"wp-block-image size-large\"><img loading=\"lazy\" decoding=\"async\" width=\"1024\" height=\"683\" src=\"http:\/\/ussm-loosengohelle.fr\/wp-content\/uploads\/2025\/09\/image-14-1024x683.png\" alt=\"\" class=\"wp-image-168\" srcset=\"https:\/\/ussm-loosengohelle.fr\/wp-content\/uploads\/2025\/09\/image-14-1024x683.png 1024w, https:\/\/ussm-loosengohelle.fr\/wp-content\/uploads\/2025\/09\/image-14-300x200.png 300w, https:\/\/ussm-loosengohelle.fr\/wp-content\/uploads\/2025\/09\/image-14-768x512.png 768w, https:\/\/ussm-loosengohelle.fr\/wp-content\/uploads\/2025\/09\/image-14-1536x1024.png 1536w, https:\/\/ussm-loosengohelle.fr\/wp-content\/uploads\/2025\/09\/image-14-128x85.png 128w, https:\/\/ussm-loosengohelle.fr\/wp-content\/uploads\/2025\/09\/image-14-32x21.png 32w, https:\/\/ussm-loosengohelle.fr\/wp-content\/uploads\/2025\/09\/image-14.png 1920w\" sizes=\"(max-width: 1024px) 100vw, 1024px\" \/><\/figure>\n\n\n\n<hr class=\"wp-block-separator has-alpha-channel-opacity\"\/>\n\n\n\n<p><strong>S\u00e9niors B<\/strong> \u2013 encadr\u00e9s par Pierre. Dirigeants : Alan, Fabrice et Mathieu<\/p>\n\n\n\n<figure class=\"wp-block-image size-large\"><img loading=\"lazy\" decoding=\"async\" width=\"1024\" height=\"768\" src=\"http:\/\/ussm-loosengohelle.fr\/wp-content\/uploads\/2025\/09\/image-3-1024x768.png\" alt=\"\" class=\"wp-image-150\" srcset=\"https:\/\/ussm-loosengohelle.fr\/wp-content\/uploads\/2025\/09\/image-3-1024x768.png 1024w, https:\/\/ussm-loosengohelle.fr\/wp-content\/uploads\/2025\/09\/image-3-300x225.png 300w, https:\/\/ussm-loosengohelle.fr\/wp-content\/uploads\/2025\/09\/image-3-768x576.png 768w, https:\/\/ussm-loosengohelle.fr\/wp-content\/uploads\/2025\/09\/image-3-1536x1152.png 1536w, https:\/\/ussm-loosengohelle.fr\/wp-content\/uploads\/2025\/09\/image-3-128x96.png 128w, https:\/\/ussm-loosengohelle.fr\/wp-content\/uploads\/2025\/09\/image-3-32x24.png 32w, https:\/\/ussm-loosengohelle.fr\/wp-content\/uploads\/2025\/09\/image-3.png 2048w\" sizes=\"(max-width: 1024px) 100vw, 1024px\" \/><\/figure>\n\n\n\n<hr class=\"wp-block-separator has-alpha-channel-opacity\"\/>\n\n\n\n<p><strong>V\u00e9t\u00e9rans \u00e0 8<\/strong> (foot loisir) : encadr\u00e9s par Dimitri. Dirigeants : Robert et Olivier<\/p>\n\n\n\n<figure class=\"wp-block-image size-large\"><img loading=\"lazy\" decoding=\"async\" width=\"1024\" height=\"607\" src=\"http:\/\/ussm-loosengohelle.fr\/wp-content\/uploads\/2025\/09\/image-8-1024x607.png\" alt=\"\" class=\"wp-image-155\" srcset=\"https:\/\/ussm-loosengohelle.fr\/wp-content\/uploads\/2025\/09\/image-8-1024x607.png 1024w, https:\/\/ussm-loosengohelle.fr\/wp-content\/uploads\/2025\/09\/image-8-300x178.png 300w, https:\/\/ussm-loosengohelle.fr\/wp-content\/uploads\/2025\/09\/image-8-768x455.png 768w, https:\/\/ussm-loosengohelle.fr\/wp-content\/uploads\/2025\/09\/image-8-1536x911.png 1536w, https:\/\/ussm-loosengohelle.fr\/wp-content\/uploads\/2025\/09\/image-8-128x76.png 128w, https:\/\/ussm-loosengohelle.fr\/wp-content\/uploads\/2025\/09\/image-8-32x19.png 32w, https:\/\/ussm-loosengohelle.fr\/wp-content\/uploads\/2025\/09\/image-8.png 2048w\" sizes=\"(max-width: 1024px) 100vw, 1024px\" \/><\/figure>\n\n\n\n<hr class=\"wp-block-separator has-alpha-channel-opacity\"\/>\n\n\n\n<p><strong>S\u00e9niors F\u00e9minines<\/strong> \u2013 encadr\u00e9es par Camillo et Thomas. Dirigeants : Annick, Gianni et St\u00e9phanie<\/p>\n\n\n\n<figure class=\"wp-block-image size-large\"><img loading=\"lazy\" decoding=\"async\" width=\"1024\" height=\"768\" src=\"http:\/\/ussm-loosengohelle.fr\/wp-content\/uploads\/2025\/09\/image-10-1024x768.png\" alt=\"\" class=\"wp-image-157\" srcset=\"https:\/\/ussm-loosengohelle.fr\/wp-content\/uploads\/2025\/09\/image-10-1024x768.png 1024w, https:\/\/ussm-loosengohelle.fr\/wp-content\/uploads\/2025\/09\/image-10-300x225.png 300w, https:\/\/ussm-loosengohelle.fr\/wp-content\/uploads\/2025\/09\/image-10-768x576.png 768w, https:\/\/ussm-loosengohelle.fr\/wp-content\/uploads\/2025\/09\/image-10-1536x1152.png 1536w, https:\/\/ussm-loosengohelle.fr\/wp-content\/uploads\/2025\/09\/image-10-128x96.png 128w, https:\/\/ussm-loosengohelle.fr\/wp-content\/uploads\/2025\/09\/image-10-32x24.png 32w, https:\/\/ussm-loosengohelle.fr\/wp-content\/uploads\/2025\/09\/image-10.png 2048w\" sizes=\"(max-width: 1024px) 100vw, 1024px\" \/><\/figure>\n\n\n\n<hr class=\"wp-block-separator has-alpha-channel-opacity\"\/>\n\n\n\n<p class=\"has-white-color has-text-color has-link-color wp-elements-672145c362de879b23a8841deb3172ac\">g<\/p>\n\n\n\n<p class=\"has-large-font-size\"><strong>Sp\u00e9cifiques Gardiens<\/strong><\/p>\n\n\n\n<p><\/p>\n\n\n\n<p><strong>Sp\u00e9cifique Gardien foot \u00e0 8<\/strong> (U9 \u00e0 U13) &#8211; encadr\u00e9s par K\u00e9vin<\/p>\n\n\n\n<hr class=\"wp-block-separator has-alpha-channel-opacity\"\/>\n\n\n\n<p><strong>Sp\u00e9cifique Gardien foot \u00e0 11<\/strong> (U14 \u00e0 U16) &#8211; encadr\u00e9s par L\u00e9o<\/p>\n\n\n\n<p><\/p>\n","protected":false},"excerpt":{"rendered":"<p>\u26bd Les \u00e9quipes de l\u2019USSM Loos-en-Gohelle \u2013 Saison 2025\/2026 L\u2019USSM Loos-en-Gohelle compte aujourd\u2019hui plus de 350 licenci\u00e9s et aligne des \u00e9quipes dans quasiment toutes les cat\u00e9gories, des plus jeunes aux s\u00e9niors. Cette richesse t\u00e9moigne du dynamisme du club et de son r\u00f4le formateur au service du football local. Foot \u00e0 5 (U6 \u00e0 U9 + [&hellip;]<\/p>\n","protected":false},"author":1,"featured_media":0,"parent":0,"menu_order":0,"comment_status":"closed","ping_status":"closed","template":"","meta":{"footnotes":""},"class_list":["post-15","page","type-page","status-publish","hentry"],"jetpack_sharing_enabled":true,"_links":{"self":[{"href":"https:\/\/ussm-loosengohelle.fr\/index.php?rest_route=\/wp\/v2\/pages\/15","targetHints":{"allow":["GET"]}}],"collection":[{"href":"https:\/\/ussm-loosengohelle.fr\/index.php?rest_route=\/wp\/v2\/pages"}],"about":[{"href":"https:\/\/ussm-loosengohelle.fr\/index.php?rest_route=\/wp\/v2\/types\/page"}],"author":[{"embeddable":true,"href":"https:\/\/ussm-loosengohelle.fr\/index.php?rest_route=\/wp\/v2\/users\/1"}],"replies":[{"embeddable":true,"href":"https:\/\/ussm-loosengohelle.fr\/index.php?rest_route=%2Fwp%2Fv2%2Fcomments&post=15"}],"version-history":[{"count":23,"href":"https:\/\/ussm-loosengohelle.fr\/index.php?rest_route=\/wp\/v2\/pages\/15\/revisions"}],"predecessor-version":[{"id":464,"href":"https:\/\/ussm-loosengohelle.fr\/index.php?rest_route=\/wp\/v2\/pages\/15\/revisions\/464"}],"wp:attachment":[{"href":"https:\/\/ussm-loosengohelle.fr\/index.php?rest_route=%2Fwp%2Fv2%2Fmedia&parent=15"}],"curies":[{"name":"wp","href":"https:\/\/api.w.org\/{rel}","templated":true}]}}