{"id":13,"date":"2025-06-05T16:08:24","date_gmt":"2025-06-05T14:08:24","guid":{"rendered":"http:\/\/ussm-loosengohelle.fr\/?page_id=13"},"modified":"2025-12-03T13:21:35","modified_gmt":"2025-12-03T12:21:35","slug":"le-club","status":"publish","type":"page","link":"https:\/\/ussm-loosengohelle.fr\/?page_id=13","title":{"rendered":"Le Club"},"content":{"rendered":"\n<h3 class=\"wp-block-heading\">Historique<\/h3>\n\n\n\n<p>L\u2019Union Sportive Saint-Maurice Loos-en-Gohelle, plus simplement <strong>USSM<\/strong>, a vu le jour en <strong>1945<\/strong>. Le club est n\u00e9 de la fusion de l\u2019Union Sportive Loossoise (Football) et de la Soci\u00e9t\u00e9 Gymnique Fosse 15 de Loos-en-Gohelle.<\/p>\n\n\n\n<p>Depuis ses d\u00e9buts, l\u2019USSM s\u2019est toujours voulu un club <strong>amateur<\/strong>, porteur de valeurs de solidarit\u00e9, de passion du jeu, et de dynamisme local.<\/p>\n\n\n\n<figure class=\"wp-block-image size-large\"><img fetchpriority=\"high\" decoding=\"async\" width=\"1024\" height=\"768\" src=\"http:\/\/ussm-loosengohelle.fr\/wp-content\/uploads\/2025\/09\/IMG_1128-1024x768.jpeg\" alt=\"\" class=\"wp-image-253\" srcset=\"https:\/\/ussm-loosengohelle.fr\/wp-content\/uploads\/2025\/09\/IMG_1128-1024x768.jpeg 1024w, https:\/\/ussm-loosengohelle.fr\/wp-content\/uploads\/2025\/09\/IMG_1128-300x225.jpeg 300w, https:\/\/ussm-loosengohelle.fr\/wp-content\/uploads\/2025\/09\/IMG_1128-768x576.jpeg 768w, https:\/\/ussm-loosengohelle.fr\/wp-content\/uploads\/2025\/09\/IMG_1128-1536x1152.jpeg 1536w, https:\/\/ussm-loosengohelle.fr\/wp-content\/uploads\/2025\/09\/IMG_1128-2048x1536.jpeg 2048w, https:\/\/ussm-loosengohelle.fr\/wp-content\/uploads\/2025\/09\/IMG_1128-128x96.jpeg 128w, https:\/\/ussm-loosengohelle.fr\/wp-content\/uploads\/2025\/09\/IMG_1128-32x24.jpeg 32w\" sizes=\"(max-width: 1024px) 100vw, 1024px\" \/><\/figure>\n\n\n\n<p class=\"has-white-color has-text-color has-link-color wp-elements-672145c362de879b23a8841deb3172ac\">g<\/p>\n\n\n\n<hr class=\"wp-block-separator has-alpha-channel-opacity\"\/>\n\n\n\n<h3 class=\"wp-block-heading\">Le club aujourd\u2019hui<\/h3>\n\n\n\n<ul class=\"wp-block-list\">\n<li>Notre <strong>\u00e9quipe senior<\/strong> \u00e9volue actuellement en <strong>Division 2<\/strong> (ou selon le district comp\u00e9titif concern\u00e9) : un niveau qui refl\u00e8te l\u2019engagement et la qualit\u00e9 du travail associatif. <\/li>\n\n\n\n<li>Le club compte <strong>plus de 350 licenci\u00e9s<\/strong> (joueurs, \u00e9ducateurs, b\u00e9n\u00e9voles) : une forte communaut\u00e9 qui donne vie au club jour apr\u00e8s jour.<\/li>\n\n\n\n<li>En dehors des seniors, l\u2019USSM propose des \u00e9quipes jeunes , des formations pour les \u00e9ducateurs, et organise r\u00e9guli\u00e8rement des \u00e9v\u00e9nements internes, comp\u00e9titions, stages, rencontres amicales, etc<\/li>\n\n\n\n<li><strong>Nouveaut\u00e9s 2024<\/strong> : Cr\u00e9ation d\u2019une <strong>section senior f\u00e9minine<\/strong>, qui vient enrichir l\u2019offre sportive et donner une place importante au football f\u00e9minin. Dans le m\u00eame temps, une <strong>section U6-U10 f\u00e9minine<\/strong> a \u00e9t\u00e9 mise en place, permettant aux plus jeunes filles de d\u00e9couvrir et pratiquer le football dans un cadre adapt\u00e9.<\/li>\n\n\n\n<li>Notre <strong>\u00e9cole de foot<\/strong> est <strong>labellis\u00e9e \u201cEspoir\u201d par la FFF<\/strong>, une reconnaissance officielle de la qualit\u00e9 de notre travail \u00e9ducatif et sportif aupr\u00e8s des jeunes.<\/li>\n\n\n\n<li>Notre club fait partie du programme <strong>Club en Nord<\/strong>, en partenariat avec le <strong>RC Lens<\/strong>. Ce dispositif permet \u00e0 nos licenci\u00e9s de profiter : de places pour les matchs du RC Lens, de remises sur la billetterie, d\u2019animations jour de match \u00e0 Bollaert-Delelis (escort kids, challenge mi-temps, ramasseurs de balles\u2026), et d\u2019\u00e9v\u00e9nements exclusifs pour nos \u00e9ducateurs et jeunes joueurs.<\/li>\n<\/ul>\n\n\n\n<figure class=\"wp-block-image size-large is-resized\"><img decoding=\"async\" width=\"1024\" height=\"554\" src=\"http:\/\/ussm-loosengohelle.fr\/wp-content\/uploads\/2025\/09\/image-1024x554.png\" alt=\"\" class=\"wp-image-139\" style=\"width:826px;height:auto\" srcset=\"https:\/\/ussm-loosengohelle.fr\/wp-content\/uploads\/2025\/09\/image-1024x554.png 1024w, https:\/\/ussm-loosengohelle.fr\/wp-content\/uploads\/2025\/09\/image-300x162.png 300w, https:\/\/ussm-loosengohelle.fr\/wp-content\/uploads\/2025\/09\/image-768x416.png 768w, https:\/\/ussm-loosengohelle.fr\/wp-content\/uploads\/2025\/09\/image-1536x831.png 1536w, https:\/\/ussm-loosengohelle.fr\/wp-content\/uploads\/2025\/09\/image-128x69.png 128w, https:\/\/ussm-loosengohelle.fr\/wp-content\/uploads\/2025\/09\/image-32x17.png 32w, https:\/\/ussm-loosengohelle.fr\/wp-content\/uploads\/2025\/09\/image.png 1866w\" sizes=\"(max-width: 1024px) 100vw, 1024px\" \/><\/figure>\n\n\n\n<hr class=\"wp-block-separator has-alpha-channel-opacity\"\/>\n\n\n\n<h3 class=\"wp-block-heading\">Infrastructures &amp; organisation<\/h3>\n\n\n\n<p>L\u2019USSM b\u00e9n\u00e9ficie d\u2019installations de qualit\u00e9 permettant d\u2019accueillir l\u2019ensemble des cat\u00e9gories :<\/p>\n\n\n\n<p><strong>Stade Cattiau<\/strong> : terrain en herbe, cadre historique du club. <\/p>\n\n\n\n<figure class=\"wp-block-image size-full is-resized\"><img decoding=\"async\" width=\"750\" height=\"562\" src=\"https:\/\/ussm-loosengohelle.fr\/wp-content\/uploads\/2025\/09\/image-36.png\" alt=\"\" class=\"wp-image-403\" style=\"width:840px;height:auto\" srcset=\"https:\/\/ussm-loosengohelle.fr\/wp-content\/uploads\/2025\/09\/image-36.png 750w, https:\/\/ussm-loosengohelle.fr\/wp-content\/uploads\/2025\/09\/image-36-300x225.png 300w, https:\/\/ussm-loosengohelle.fr\/wp-content\/uploads\/2025\/09\/image-36-128x96.png 128w, https:\/\/ussm-loosengohelle.fr\/wp-content\/uploads\/2025\/09\/image-36-32x24.png 32w\" sizes=\"(max-width: 750px) 100vw, 750px\" \/><\/figure>\n\n\n\n<hr class=\"wp-block-separator has-alpha-channel-opacity\"\/>\n\n\n\n<p><strong>Stade Mirabeau<\/strong> : deuxi\u00e8me terrain en herbe<\/p>\n\n\n\n<hr class=\"wp-block-separator has-alpha-channel-opacity\"\/>\n\n\n\n<p><strong>Stade Sikora<\/strong> : terrain synth\u00e9tique, <strong>refait \u00e0 neuf en 2024<\/strong>, permettant de s\u2019entra\u00eener et jouer dans d\u2019excellentes conditions toute l\u2019ann\u00e9e.<\/p>\n\n\n\n<p>Ces \u00e9quipements sont un v\u00e9ritable atout pour le d\u00e9veloppement du football \u00e0 Loos-en-Gohelle.<\/p>\n\n\n\n<figure class=\"wp-block-image size-full\"><img loading=\"lazy\" decoding=\"async\" width=\"1024\" height=\"768\" src=\"http:\/\/ussm-loosengohelle.fr\/wp-content\/uploads\/2025\/09\/image-1.png\" alt=\"\" class=\"wp-image-142\" srcset=\"https:\/\/ussm-loosengohelle.fr\/wp-content\/uploads\/2025\/09\/image-1.png 1024w, https:\/\/ussm-loosengohelle.fr\/wp-content\/uploads\/2025\/09\/image-1-300x225.png 300w, https:\/\/ussm-loosengohelle.fr\/wp-content\/uploads\/2025\/09\/image-1-768x576.png 768w, https:\/\/ussm-loosengohelle.fr\/wp-content\/uploads\/2025\/09\/image-1-128x96.png 128w, https:\/\/ussm-loosengohelle.fr\/wp-content\/uploads\/2025\/09\/image-1-32x24.png 32w\" sizes=\"(max-width: 1024px) 100vw, 1024px\" \/><\/figure>\n\n\n\n<hr class=\"wp-block-separator has-alpha-channel-opacity\"\/>\n\n\n\n<p><strong>Salle Dubois<\/strong> : Pour les entra\u00eenements en salle, id\u00e9ale notamment en p\u00e9riode hivernale.<\/p>\n\n\n\n<hr class=\"wp-block-separator has-alpha-channel-opacity\"\/>\n\n\n\n<p><strong>Dirigeants \/ \u00c9ducateurs \/ B\u00e9n\u00e9voles<\/strong> : une \u00e9quipe d\u2019\u00e9ducateurs passionn\u00e9s encadre les joueurs, depuis les plus jeunes jusqu\u2019aux seniors. Les dirigeants et les b\u00e9n\u00e9voles veillent au bon fonctionnement du club, que ce soit pour les licences, les \u00e9quipements, ou l\u2019organisation des rencontres.<\/p>\n\n\n\n<p><strong>Partenaires<\/strong> : des partenaires locaux soutiennent le club, que ce soit pour les maillots, les \u00e9quipements, ou les infrastructures. Leur aide est essentielle pour que le club puisse progresser.<\/p>\n\n\n\n<hr class=\"wp-block-separator has-alpha-channel-opacity\"\/>\n\n\n\n<h3 class=\"wp-block-heading\">Valeurs &amp; missions<\/h3>\n\n\n\n<ul class=\"wp-block-list\">\n<li>L\u2019USSM, c\u2019est <strong>plus qu\u2019un club de foot<\/strong> : c\u2019est un lieu de vie, un lieu de partage.<\/li>\n\n\n\n<li>Valoriser le respect, l\u2019esprit d\u2019\u00e9quipe, la pers\u00e9v\u00e9rance, l\u2019engagement.<\/li>\n\n\n\n<li>Offrir aux jeunes joueurs un cadre sain, formateur, et encourager la participation autant que la comp\u00e9tition.<\/li>\n<\/ul>\n\n\n\n<figure class=\"wp-block-image size-large\"><img loading=\"lazy\" decoding=\"async\" width=\"1024\" height=\"683\" src=\"http:\/\/ussm-loosengohelle.fr\/wp-content\/uploads\/2025\/09\/image-2-1024x683.png\" alt=\"\" class=\"wp-image-144\" srcset=\"https:\/\/ussm-loosengohelle.fr\/wp-content\/uploads\/2025\/09\/image-2-1024x683.png 1024w, https:\/\/ussm-loosengohelle.fr\/wp-content\/uploads\/2025\/09\/image-2-300x200.png 300w, https:\/\/ussm-loosengohelle.fr\/wp-content\/uploads\/2025\/09\/image-2-768x512.png 768w, https:\/\/ussm-loosengohelle.fr\/wp-content\/uploads\/2025\/09\/image-2-128x85.png 128w, https:\/\/ussm-loosengohelle.fr\/wp-content\/uploads\/2025\/09\/image-2-32x21.png 32w, https:\/\/ussm-loosengohelle.fr\/wp-content\/uploads\/2025\/09\/image-2.png 1500w\" sizes=\"(max-width: 1024px) 100vw, 1024px\" \/><\/figure>\n","protected":false},"excerpt":{"rendered":"<p>Historique L\u2019Union Sportive Saint-Maurice Loos-en-Gohelle, plus simplement USSM, a vu le jour en 1945. Le club est n\u00e9 de la fusion de l\u2019Union Sportive Loossoise (Football) et de la Soci\u00e9t\u00e9 Gymnique Fosse 15 de Loos-en-Gohelle. Depuis ses d\u00e9buts, l\u2019USSM s\u2019est toujours voulu un club amateur, porteur de valeurs de solidarit\u00e9, de passion du jeu, et [&hellip;]<\/p>\n","protected":false},"author":1,"featured_media":0,"parent":0,"menu_order":0,"comment_status":"closed","ping_status":"closed","template":"","meta":{"footnotes":""},"class_list":["post-13","page","type-page","status-publish","hentry"],"jetpack_sharing_enabled":true,"_links":{"self":[{"href":"https:\/\/ussm-loosengohelle.fr\/index.php?rest_route=\/wp\/v2\/pages\/13","targetHints":{"allow":["GET"]}}],"collection":[{"href":"https:\/\/ussm-loosengohelle.fr\/index.php?rest_route=\/wp\/v2\/pages"}],"about":[{"href":"https:\/\/ussm-loosengohelle.fr\/index.php?rest_route=\/wp\/v2\/types\/page"}],"author":[{"embeddable":true,"href":"https:\/\/ussm-loosengohelle.fr\/index.php?rest_route=\/wp\/v2\/users\/1"}],"replies":[{"embeddable":true,"href":"https:\/\/ussm-loosengohelle.fr\/index.php?rest_route=%2Fwp%2Fv2%2Fcomments&post=13"}],"version-history":[{"count":18,"href":"https:\/\/ussm-loosengohelle.fr\/index.php?rest_route=\/wp\/v2\/pages\/13\/revisions"}],"predecessor-version":[{"id":552,"href":"https:\/\/ussm-loosengohelle.fr\/index.php?rest_route=\/wp\/v2\/pages\/13\/revisions\/552"}],"wp:attachment":[{"href":"https:\/\/ussm-loosengohelle.fr\/index.php?rest_route=%2Fwp%2Fv2%2Fmedia&parent=13"}],"curies":[{"name":"wp","href":"https:\/\/api.w.org\/{rel}","templated":true}]}}